{"id":447,"date":"2020-04-27T11:27:48","date_gmt":"2020-04-27T09:27:48","guid":{"rendered":"https:\/\/petersalm.de\/?page_id=447"},"modified":"2026-01-19T16:07:59","modified_gmt":"2026-01-19T15:07:59","slug":"faq-haeufig-gestellte-fragen","status":"publish","type":"page","link":"https:\/\/petersalm.de\/en\/faq-haeufig-gestellte-fragen\/","title":{"rendered":"FAQ &#8211; h\u00e4ufig gestellte Fragen"},"content":{"rendered":"<div data-elementor-type=\"wp-page\" data-elementor-id=\"447\" class=\"elementor elementor-447\" data-elementor-post-type=\"page\">\n\t\t\t\t\t\t<section class=\"elementor-section elementor-top-section elementor-element elementor-element-6d29b377 elementor-section-boxed elementor-section-height-default elementor-section-height-default\" data-id=\"6d29b377\" data-element_type=\"section\" data-e-type=\"section\">\n\t\t\t\t\t\t\t<div class=\"elementor-background-overlay\"><\/div>\n\t\t\t\t\t\t\t<div class=\"elementor-container elementor-column-gap-default\">\n\t\t\t\t\t<div class=\"elementor-column elementor-col-50 elementor-top-column elementor-element elementor-element-2d8d3cad\" data-id=\"2d8d3cad\" data-element_type=\"column\" data-e-type=\"column\" data-settings=\"{&quot;background_background&quot;:&quot;classic&quot;}\">\n\t\t\t<div class=\"elementor-widget-wrap elementor-element-populated\">\n\t\t\t\t\t\t<div class=\"elementor-element elementor-element-b603491 elementor-hidden-desktop elementor-hidden-tablet elementor-widget elementor-widget-spacer\" data-id=\"b603491\" data-element_type=\"widget\" data-e-type=\"widget\" data-widget_type=\"spacer.default\">\n\t\t\t\t<div class=\"elementor-widget-container\">\n\t\t\t\t\t\t\t<div class=\"elementor-spacer\">\n\t\t\t<div class=\"elementor-spacer-inner\"><\/div>\n\t\t<\/div>\n\t\t\t\t\t\t<\/div>\n\t\t\t\t<\/div>\n\t\t\t\t\t<\/div>\n\t\t<\/div>\n\t\t\t\t<div class=\"elementor-column elementor-col-50 elementor-top-column elementor-element elementor-element-5cfc5b7a\" data-id=\"5cfc5b7a\" data-element_type=\"column\" data-e-type=\"column\">\n\t\t\t<div class=\"elementor-widget-wrap elementor-element-populated\">\n\t\t\t\t\t\t<div class=\"elementor-element elementor-element-2c49569 elementor-widget elementor-widget-heading\" data-id=\"2c49569\" data-element_type=\"widget\" data-e-type=\"widget\" data-widget_type=\"heading.default\">\n\t\t\t\t<div class=\"elementor-widget-container\">\n\t\t\t\t\t<h1 class=\"elementor-heading-title elementor-size-default\">FAQ<\/h1>\t\t\t\t<\/div>\n\t\t\t\t<\/div>\n\t\t\t\t<div class=\"elementor-element elementor-element-79d9da20 elementor-widget elementor-widget-heading\" data-id=\"79d9da20\" data-element_type=\"widget\" data-e-type=\"widget\" data-widget_type=\"heading.default\">\n\t\t\t\t<div class=\"elementor-widget-container\">\n\t\t\t\t\t<h2 class=\"elementor-heading-title elementor-size-default\">Frequently Asked Questions<\/h2>\t\t\t\t<\/div>\n\t\t\t\t<\/div>\n\t\t\t\t<div class=\"elementor-element elementor-element-4347939a faq elementor-widget elementor-widget-text-editor\" data-id=\"4347939a\" data-element_type=\"widget\" data-e-type=\"widget\" data-widget_type=\"text-editor.default\">\n\t\t\t\t<div class=\"elementor-widget-container\">\n\t\t\t\t\t\t\t\t\t<p><span style=\"color: #00531f;\">WHEN IS PETERS ALM OPEN?<\/span><\/p>\n<p>\u00d6ffnungszeiten: Werktags ab 11.30 Uhr<br>Sonn- und Feiertags ab 11.00 Uhr<\/p>\n<p>\u00d6ffnungszeiten K\u00fcche ab 12.00 Uhr<\/p>\n<p><\/p>\n<p><span style=\"color: #00531f;\">CAN I PAY WITH CREDIT CARD?<\/span><\/p>\n<p>Yes, you can use all standard and common credits cards in our house.<\/p>\n<p><\/p>\n<p><span style=\"color: #00531f;\">ARE DOGS ALLOWED IN PETERS ALM?<\/span><\/p>\n<p>Yes, dogs are welcome guests here as well.<\/p>\n<p><\/p>\n<p><span style=\"color: #00531f;\">WHEN IS THE BOAT RENTAL OPEN?<\/span><\/p>\n<p>T\u00e4glich ab 11.30 &#8211; 20.00 Uhr und Tickets k\u00f6nnen im Biergarten gel\u00f6st werden.<\/p>\n<p><\/p>\n<p><span style=\"color: #00531f;\">WHERE CAN I RENT AN E-BIKE?<\/span><\/p>\n<p>Inside PETERS Hotel &amp; SPA at the hotel reception.<\/p>\n<p><\/p>\n<p><span style=\"color: #00531f;\">ARE THERE HANDICAPPED ACCESSIBLE RESTROOMS AND BARRIER-FREE ACCESS TO PETERS ALM?<\/span><\/p>\n<p>Yes.<\/p>\n<p><\/p>\n<p><span style=\"color: #00531f;\">BIETET DIE PETERS ALM UND DER BIERGARTEN AUCH VEGANE UND GLUTENFREIE<\/span>&nbsp;<span style=\"color: #00531f;\">SPEISEN UND GETR\u00c4NKE AN?<\/span><\/p>\n<p>Gerne k\u00f6nnen wir auf Ihre Allergien und Unvertr\u00e4glichkeiten achten. Bitte sprechen Sie hier unser Servicepersonal an.<\/p>\n<p><\/p>\n<p><span style=\"color: #00531f;\">IS OUTSIDE FOOD PERMITTED IN THE BEER GARDEN?<\/span><\/p>\n<p>No, the beer garden is fully catered.<\/p>\n<p><\/p>\n<p><span style=\"color: #00531f;\">CAN YOU MAKE RESERVATIONS FOR THE BEER GARDEN?<\/span><\/p>\n<p>Nein, im Biergarten kann nicht reserviert werden. Einfach vorbeikommen<br>und die sch\u00f6ne Aussicht bei einem k\u00fchlen Bier genie\u00dfen. Es findet sich bestimmt ein Platz.<\/p>\n<p><\/p>\n<p><span style=\"color: #00531f;\">SHOULD I RESERVE A TABLE FOR THE INDOOR AREA?<\/span><\/p>\n<p>It is recommended to reserve a table for the inside area of PETERS Alm.<\/p>\n<p><\/p>\n<p><span style=\"color: #00531f;\">ARE THERE GIFT CARDS AVAILABLE?<\/span><\/p>\n<p>Yes, those are redeemable at all gastronomic business of the Tr\u00f6sch-Group.<\/p>\n<p><\/p>\n<p><span style=\"color: #00531f;\">WHERE CAN I PARK WITH A CAR?<\/span><\/p>\n<p class=\"translation-block\">We have plenty of parking spots on the premises, as well as on the opposing street side.<\/p>\n<p><\/p>\n<p><span style=\"color: #00531f;\">WHERE CAN I PARK WITH A BUS?<\/span><\/p>\n<p>Directly across, buses are able to park.<\/p>\n<p><span style=\"color: #00531f;\">NIMMT PETERS ALM AUCH GROSSE GRUPPENRESERVIERUNGEN AN?<\/span><\/p>\n<p>Ja rufen Sie uns gerne an, denn online k\u00f6nnen Sie nur bis 20 Personen reservieren.<\/p>\n<p><\/p>\n<p><span style=\"color: #00531f;\">ANY MORE QUESTIONS?<\/span><\/p>\n<p class=\"translation-block\">Should you be unable to find the right answer above, please feel free to call us at +49 6841 189 330 or per e-mail (info@petersalm.de).<\/p>\t\t\t\t\t\t\t\t<\/div>\n\t\t\t\t<\/div>\n\t\t\t\t<div class=\"elementor-element elementor-element-643199be elementor-widget elementor-widget-image\" data-id=\"643199be\" data-element_type=\"widget\" data-e-type=\"widget\" data-widget_type=\"image.default\">\n\t\t\t\t<div class=\"elementor-widget-container\">\n\t\t\t\t\t\t\t\t\t\t\t\t\t\t\t<img fetchpriority=\"high\" decoding=\"async\" width=\"512\" height=\"387\" src=\"https:\/\/petersalm.de\/wp-content\/uploads\/2020\/04\/peters-alm-homburg-jaegersburger-logo-tannen.png\" class=\"attachment-large size-large wp-image-207\" alt=\"Drei stilisierte Dreiecke, die an B\u00e4ume oder Berge erinnern, umrandet von Zickzacklinien in verschiedenen Gr\u00fcnt\u00f6nen auf einem transparenten Hintergrund.\" srcset=\"https:\/\/petersalm.de\/wp-content\/uploads\/2020\/04\/peters-alm-homburg-jaegersburger-logo-tannen.png 512w, https:\/\/petersalm.de\/wp-content\/uploads\/2020\/04\/peters-alm-homburg-jaegersburger-logo-tannen-300x227.png 300w\" sizes=\"(max-width: 512px) 100vw, 512px\" \/>\t\t\t\t\t\t\t\t\t\t\t\t\t\t\t<\/div>\n\t\t\t\t<\/div>\n\t\t\t\t\t<\/div>\n\t\t<\/div>\n\t\t\t\t\t<\/div>\n\t\t<\/section>\n\t\t\t\t<\/div>","protected":false},"excerpt":{"rendered":"<p>FAQ H\u00e4ufig gestellte Fragen WIE IST PETERS ALM GE\u00d6FFNET? \u00d6ffnungszeiten: Werktags ab 11.30 UhrSonn- und Feiertags ab 11.00 Uhr \u00d6ffnungszeiten K\u00fcche ab 12.00 Uhr KANN ICH MIT KREDITKARTE ZAHLEN? Ja, in unserem Hause kann man mit allen g\u00e4ngigen Kreditkarten zahlen. SIND HUNDE IN DER PETERS ALM ERLAUBT? Ja, auch Hunde sind gern gesehene G\u00e4ste. WIE [&hellip;]<\/p>\n","protected":false},"author":1,"featured_media":0,"parent":0,"menu_order":0,"comment_status":"closed","ping_status":"closed","template":"","meta":{"inline_featured_image":false,"footnotes":""},"class_list":["post-447","page","type-page","status-publish","hentry"],"_links":{"self":[{"href":"https:\/\/petersalm.de\/en\/wp-json\/wp\/v2\/pages\/447","targetHints":{"allow":["GET"]}}],"collection":[{"href":"https:\/\/petersalm.de\/en\/wp-json\/wp\/v2\/pages"}],"about":[{"href":"https:\/\/petersalm.de\/en\/wp-json\/wp\/v2\/types\/page"}],"author":[{"embeddable":true,"href":"https:\/\/petersalm.de\/en\/wp-json\/wp\/v2\/users\/1"}],"replies":[{"embeddable":true,"href":"https:\/\/petersalm.de\/en\/wp-json\/wp\/v2\/comments?post=447"}],"version-history":[{"count":29,"href":"https:\/\/petersalm.de\/en\/wp-json\/wp\/v2\/pages\/447\/revisions"}],"predecessor-version":[{"id":1480,"href":"https:\/\/petersalm.de\/en\/wp-json\/wp\/v2\/pages\/447\/revisions\/1480"}],"wp:attachment":[{"href":"https:\/\/petersalm.de\/en\/wp-json\/wp\/v2\/media?parent=447"}],"curies":[{"name":"wp","href":"https:\/\/api.w.org\/{rel}","templated":true}]}}