{"id":332,"date":"2020-04-08T14:33:49","date_gmt":"2020-04-08T12:33:49","guid":{"rendered":"https:\/\/petersalm.de\/?page_id=332"},"modified":"2025-11-26T22:58:36","modified_gmt":"2025-11-26T21:58:36","slug":"speisen-und-getraenke-auf-der-peters-alm-in-jaegersburg","status":"publish","type":"page","link":"https:\/\/petersalm.de\/en\/speisen-und-getraenke-auf-der-peters-alm-in-jaegersburg\/","title":{"rendered":"Speisen und Getr\u00e4nke auf der PETERS Alm in J\u00e4gersburg"},"content":{"rendered":"\t\t<div data-elementor-type=\"wp-page\" data-elementor-id=\"332\" class=\"elementor elementor-332\" data-elementor-post-type=\"page\">\n\t\t\t\t\t\t<section class=\"elementor-section elementor-top-section elementor-element elementor-element-77fac131 elementor-section-boxed elementor-section-height-default elementor-section-height-default\" data-id=\"77fac131\" data-element_type=\"section\" data-e-type=\"section\">\n\t\t\t\t\t\t\t<div class=\"elementor-background-overlay\"><\/div>\n\t\t\t\t\t\t\t<div class=\"elementor-container elementor-column-gap-default\">\n\t\t\t\t\t<div class=\"elementor-column elementor-col-100 elementor-top-column elementor-element elementor-element-7f3214c7\" data-id=\"7f3214c7\" data-element_type=\"column\" data-e-type=\"column\">\n\t\t\t<div class=\"elementor-widget-wrap elementor-element-populated\">\n\t\t\t\t\t\t<div class=\"elementor-element elementor-element-d2094bd elementor-widget elementor-widget-heading\" data-id=\"d2094bd\" data-element_type=\"widget\" data-e-type=\"widget\" data-widget_type=\"heading.default\">\n\t\t\t\t<div class=\"elementor-widget-container\">\n\t\t\t\t\t<h1 class=\"elementor-heading-title elementor-size-default\">Speisekarte<\/h1>\t\t\t\t<\/div>\n\t\t\t\t<\/div>\n\t\t\t\t<div class=\"elementor-element elementor-element-682696b elementor-widget elementor-widget-image\" data-id=\"682696b\" data-element_type=\"widget\" data-e-type=\"widget\" data-settings=\"{&quot;motion_fx_translateY_effect&quot;:&quot;yes&quot;,&quot;motion_fx_motion_fx_scrolling&quot;:&quot;yes&quot;,&quot;motion_fx_translateY_speed&quot;:{&quot;unit&quot;:&quot;px&quot;,&quot;size&quot;:6,&quot;sizes&quot;:[]},&quot;motion_fx_translateY_affectedRange&quot;:{&quot;unit&quot;:&quot;%&quot;,&quot;size&quot;:&quot;&quot;,&quot;sizes&quot;:{&quot;start&quot;:59,&quot;end&quot;:82}},&quot;motion_fx_devices&quot;:[&quot;desktop&quot;,&quot;tablet&quot;,&quot;mobile&quot;]}\" data-widget_type=\"image.default\">\n\t\t\t\t<div class=\"elementor-widget-container\">\n\t\t\t\t\t\t\t\t\t\t\t\t\t\t\t<img decoding=\"async\" src=\"https:\/\/petersalm.de\/wp-content\/uploads\/2020\/04\/peters-alm-homburg-jaegersburger-logo-tannen.png\" title=\"peters-alm-homburg-jaegersburger-logo-tannen\" alt=\"Drei stilisierte Dreiecke, die an B\u00e4ume oder Berge erinnern, umrandet von Zickzacklinien in verschiedenen Gr\u00fcnt\u00f6nen auf einem transparenten Hintergrund.\" loading=\"lazy\" \/>\t\t\t\t\t\t\t\t\t\t\t\t\t\t\t<\/div>\n\t\t\t\t<\/div>\n\t\t\t\t<div class=\"elementor-element elementor-element-0d4e7fe elementor-widget elementor-widget-image\" data-id=\"0d4e7fe\" data-element_type=\"widget\" data-e-type=\"widget\" data-widget_type=\"image.default\">\n\t\t\t\t<div class=\"elementor-widget-container\">\n\t\t\t\t\t\t\t\t\t\t\t\t\t\t\t<img fetchpriority=\"high\" decoding=\"async\" width=\"1600\" height=\"854\" src=\"https:\/\/petersalm.de\/wp-content\/uploads\/2025\/11\/PetersAlm_SpeisenGetr_21112025_web_DE1.jpg\" class=\"attachment-full size-full wp-image-1448\" alt=\"Speisekarte mit Abbildungen von Obst und Eis, Cocktail-Listen, Preisen, Beschreibungen und einem Abschnitt f\u00fcr ein ClubCard-Treueprogramm. Der Hintergrund hat eine rustikale Holztextur und Kontaktdaten f\u00fcr das Restaurant Peters Alm.\" srcset=\"https:\/\/petersalm.de\/wp-content\/uploads\/2025\/11\/PetersAlm_SpeisenGetr_21112025_web_DE1.jpg 1600w, https:\/\/petersalm.de\/wp-content\/uploads\/2025\/11\/PetersAlm_SpeisenGetr_21112025_web_DE1-300x160.jpg 300w, https:\/\/petersalm.de\/wp-content\/uploads\/2025\/11\/PetersAlm_SpeisenGetr_21112025_web_DE1-1024x547.jpg 1024w, https:\/\/petersalm.de\/wp-content\/uploads\/2025\/11\/PetersAlm_SpeisenGetr_21112025_web_DE1-768x410.jpg 768w, https:\/\/petersalm.de\/wp-content\/uploads\/2025\/11\/PetersAlm_SpeisenGetr_21112025_web_DE1-1536x820.jpg 1536w, https:\/\/petersalm.de\/wp-content\/uploads\/2025\/11\/PetersAlm_SpeisenGetr_21112025_web_DE1-18x10.jpg 18w\" sizes=\"(max-width: 1600px) 100vw, 1600px\" \/>\t\t\t\t\t\t\t\t\t\t\t\t\t\t\t<\/div>\n\t\t\t\t<\/div>\n\t\t\t\t<div class=\"elementor-element elementor-element-8ddeef2 elementor-widget elementor-widget-image\" data-id=\"8ddeef2\" data-element_type=\"widget\" data-e-type=\"widget\" data-widget_type=\"image.default\">\n\t\t\t\t<div class=\"elementor-widget-container\">\n\t\t\t\t\t\t\t\t\t\t\t\t\t\t\t<img decoding=\"async\" width=\"1600\" height=\"854\" src=\"https:\/\/petersalm.de\/wp-content\/uploads\/2025\/11\/PetersAlm_SpeisenGetr_21112025_web_DE2.jpg\" class=\"attachment-full size-full wp-image-1451\" alt=\"Eine deutsche Speisekarte mit Abschnitten f\u00fcr Speisen und Getr\u00e4nke, mit Gerichten wie W\u00fcrstchen, Brezeln, Brath\u00e4hnchen und Getr\u00e4nken wie Bier, Softdrinks und Kaffee, alles vor einem Holzhintergrund.\" srcset=\"https:\/\/petersalm.de\/wp-content\/uploads\/2025\/11\/PetersAlm_SpeisenGetr_21112025_web_DE2.jpg 1600w, https:\/\/petersalm.de\/wp-content\/uploads\/2025\/11\/PetersAlm_SpeisenGetr_21112025_web_DE2-300x160.jpg 300w, https:\/\/petersalm.de\/wp-content\/uploads\/2025\/11\/PetersAlm_SpeisenGetr_21112025_web_DE2-1024x547.jpg 1024w, https:\/\/petersalm.de\/wp-content\/uploads\/2025\/11\/PetersAlm_SpeisenGetr_21112025_web_DE2-768x410.jpg 768w, https:\/\/petersalm.de\/wp-content\/uploads\/2025\/11\/PetersAlm_SpeisenGetr_21112025_web_DE2-1536x820.jpg 1536w, https:\/\/petersalm.de\/wp-content\/uploads\/2025\/11\/PetersAlm_SpeisenGetr_21112025_web_DE2-18x10.jpg 18w\" sizes=\"(max-width: 1600px) 100vw, 1600px\" \/>\t\t\t\t\t\t\t\t\t\t\t\t\t\t\t<\/div>\n\t\t\t\t<\/div>\n\t\t\t\t\t<\/div>\n\t\t<\/div>\n\t\t\t\t\t<\/div>\n\t\t<\/section>\n\t\t\t\t<\/div>\n\t\t","protected":false},"excerpt":{"rendered":"<p>Menu<\/p>","protected":false},"author":1,"featured_media":0,"parent":0,"menu_order":0,"comment_status":"closed","ping_status":"closed","template":"","meta":{"inline_featured_image":false,"footnotes":""},"class_list":["post-332","page","type-page","status-publish","hentry"],"_links":{"self":[{"href":"https:\/\/petersalm.de\/en\/wp-json\/wp\/v2\/pages\/332","targetHints":{"allow":["GET"]}}],"collection":[{"href":"https:\/\/petersalm.de\/en\/wp-json\/wp\/v2\/pages"}],"about":[{"href":"https:\/\/petersalm.de\/en\/wp-json\/wp\/v2\/types\/page"}],"author":[{"embeddable":true,"href":"https:\/\/petersalm.de\/en\/wp-json\/wp\/v2\/users\/1"}],"replies":[{"embeddable":true,"href":"https:\/\/petersalm.de\/en\/wp-json\/wp\/v2\/comments?post=332"}],"version-history":[{"count":114,"href":"https:\/\/petersalm.de\/en\/wp-json\/wp\/v2\/pages\/332\/revisions"}],"predecessor-version":[{"id":1454,"href":"https:\/\/petersalm.de\/en\/wp-json\/wp\/v2\/pages\/332\/revisions\/1454"}],"wp:attachment":[{"href":"https:\/\/petersalm.de\/en\/wp-json\/wp\/v2\/media?parent=332"}],"curies":[{"name":"wp","href":"https:\/\/api.w.org\/{rel}","templated":true}]}}